{"id":2557,"date":"2025-11-18T10:15:01","date_gmt":"2025-11-18T10:15:01","guid":{"rendered":"https:\/\/raci.org.ar\/?page_id=2557"},"modified":"2026-03-03T19:35:26","modified_gmt":"2026-03-03T19:35:26","slug":"investigamos","status":"publish","type":"page","link":"https:\/\/raci.org.ar\/en\/investigamos\/","title":{"rendered":"We research"},"content":{"rendered":"<div data-elementor-type=\"wp-page\" data-elementor-id=\"2557\" class=\"elementor elementor-2557\" data-elementor-post-type=\"page\">\n\t\t\t\t\t\t<section class=\"elementor-section elementor-top-section elementor-element elementor-element-a590daa elementor-section-full_width elementor-section-height-min-height elementor-section-content-middle elementor-section-height-default elementor-section-items-middle qodef-elementor-content-no\" data-id=\"a590daa\" data-element_type=\"section\" data-e-type=\"section\" data-settings=\"{&quot;background_background&quot;:&quot;classic&quot;}\">\n\t\t\t\t\t\t\t<div class=\"elementor-background-overlay\"><\/div>\n\t\t\t\t\t\t\t<div class=\"elementor-container elementor-column-gap-default\">\n\t\t\t\t\t<div class=\"elementor-column elementor-col-100 elementor-top-column elementor-element elementor-element-17df7f4 qodef-sticky-column--no\" data-id=\"17df7f4\" data-element_type=\"column\" data-e-type=\"column\">\n\t\t\t<div class=\"elementor-widget-wrap\">\n\t\t\t\t\t\t\t<\/div>\n\t\t<\/div>\n\t\t\t\t\t<\/div>\n\t\t<\/section>\n\t\t<div class=\"elementor-element elementor-element-a8bc70d e-flex e-con-boxed qodef-elementor-content-no e-con e-parent\" data-id=\"a8bc70d\" data-element_type=\"container\" data-e-type=\"container\">\n\t\t\t\t\t<div class=\"e-con-inner\">\n\t\t\t\t<div class=\"elementor-element elementor-element-4412d65 elementor-widget elementor-widget-text-editor\" data-id=\"4412d65\" data-element_type=\"widget\" data-e-type=\"widget\" data-widget_type=\"text-editor.default\">\n\t\t\t\t\t\t\t\t\t<p>We research<\/p>\t\t\t\t\t\t\t\t<\/div>\n\t\t\t\t<div class=\"elementor-element elementor-element-6f03a90 elementor-widget elementor-widget-text-editor\" data-id=\"6f03a90\" data-element_type=\"widget\" data-e-type=\"widget\" data-widget_type=\"text-editor.default\">\n\t\t\t\t\t\t\t\t\t<p><b>Producimos y compartimos conocimiento estrat\u00e9gico sobre la sociedad civil<\/b><span style=\"font-weight: 400;\">, generando datos, an\u00e1lisis y herramientas que fortalecen a las organizaciones y aportan evidencia al debate p\u00fablico y a la toma de decisiones.<\/span><\/p>\t\t\t\t\t\t\t\t<\/div>\n\t\t\t\t<div class=\"elementor-element elementor-element-c98a21c elementor-view-default elementor-widget elementor-widget-icon\" data-id=\"c98a21c\" data-element_type=\"widget\" data-e-type=\"widget\" data-widget_type=\"icon.default\">\n\t\t\t\t\t\t\t<div class=\"elementor-icon-wrapper\">\n\t\t\t<div class=\"elementor-icon\">\n\t\t\t<svg aria-hidden=\"true\" class=\"e-font-icon-svg e-fas-caret-down\" viewbox=\"0 0 320 512\" xmlns=\"http:\/\/www.w3.org\/2000\/svg\"><path d=\"M31.3 192h257.3c17.8 0 26.7 21.5 14.1 34.1L174.1 354.8c-7.8 7.8-20.5 7.8-28.3 0L17.2 226.1C4.6 213.5 13.5 192 31.3 192z\"><\/path><\/svg>\t\t\t<\/div>\n\t\t<\/div>\n\t\t\t\t\t\t<\/div>\n\t\t\t\t\t<\/div>\n\t\t\t\t<\/div>\n\t\t<div class=\"elementor-element elementor-element-606da94 e-con-full e-flex qodef-elementor-content-no e-con e-parent\" data-id=\"606da94\" data-element_type=\"container\" data-e-type=\"container\" id=\"datos\">\n\t\t<div class=\"elementor-element elementor-element-8fed02f e-con-full e-flex qodef-elementor-content-no e-con e-child\" data-id=\"8fed02f\" data-element_type=\"container\" data-e-type=\"container\" data-settings=\"{&quot;background_background&quot;:&quot;classic&quot;}\">\n\t\t\t\t<div class=\"elementor-element elementor-element-d0face7 elementor-widget elementor-widget-spacer\" data-id=\"d0face7\" data-element_type=\"widget\" data-e-type=\"widget\" data-widget_type=\"spacer.default\">\n\t\t\t\t\t\t\t<div class=\"elementor-spacer\">\n\t\t\t<div class=\"elementor-spacer-inner\"><\/div>\n\t\t<\/div>\n\t\t\t\t\t\t<\/div>\n\t\t\t\t<\/div>\n\t\t<div class=\"elementor-element elementor-element-fd6a954 e-con-full e-flex qodef-elementor-content-no e-con e-child\" data-id=\"fd6a954\" data-element_type=\"container\" data-e-type=\"container\" data-settings=\"{&quot;background_background&quot;:&quot;classic&quot;}\">\n\t\t\t\t<div class=\"elementor-element elementor-element-18d2086 elementor-widget elementor-widget-qi_addons_for_elementor_section_title\" data-id=\"18d2086\" data-element_type=\"widget\" data-e-type=\"widget\" data-widget_type=\"qi_addons_for_elementor_section_title.default\">\n\t\t\t\t<div class=\"elementor-widget-container\">\n\t\t\t\t\t<div class=\"qodef-shortcode qodef-m qodef-qi-section-title qodef-decoration--italic qodef-link--underline-draw qodef-subtitle-icon--left\">\n\t\t\t<h2 class=\"qodef-m-title\">\n\t\tProducimos datos\t<\/h2>\n\t\t\t\t\t\t<div class=\"qodef-m-text\"><p><b>Investigamos el estado y las condiciones de la sociedad civil<\/b><span style=\"font-weight: 400\">, produciendo diagn\u00f3sticos, encuestas y estudios que permiten comprender su financiamiento, sostenibilidad y legitimidad.<\/span><\/p><\/div>\n\t<\/div>\n\t\t\t\t<\/div>\n\t\t\t\t<\/div>\n\t\t\t\t<\/div>\n\t\t\t\t<\/div>\n\t\t<div class=\"elementor-element elementor-element-f818eac e-con-full e-flex qodef-elementor-content-no e-con e-parent\" data-id=\"f818eac\" data-element_type=\"container\" data-e-type=\"container\" id=\"herramientas\">\n\t\t<div class=\"elementor-element elementor-element-5902a75 e-con-full e-flex qodef-elementor-content-no e-con e-child\" data-id=\"5902a75\" data-element_type=\"container\" data-e-type=\"container\">\n\t\t\t\t<div class=\"elementor-element elementor-element-67e679d elementor-widget elementor-widget-qi_addons_for_elementor_section_title\" data-id=\"67e679d\" data-element_type=\"widget\" data-e-type=\"widget\" data-widget_type=\"qi_addons_for_elementor_section_title.default\">\n\t\t\t\t<div class=\"elementor-widget-container\">\n\t\t\t\t\t<div class=\"qodef-shortcode qodef-m qodef-qi-section-title qodef-decoration--italic qodef-link--underline-draw qodef-subtitle-icon--left\">\n\t\t\t<h2 class=\"qodef-m-title\">\n\t\tDesarrollamos herramientas\t<\/h2>\n\t\t\t\t\t\t<div class=\"qodef-m-text\"><p><b>Transformamos la evidencia producida en herramientas concretas de uso pr\u00e1ctico<\/b><span style=\"font-weight: 400\">, que permiten a las organizaciones acceder a informaci\u00f3n, compararse, planificar y fortalecer su gesti\u00f3n.<\/span><\/p><\/div>\n\t<\/div>\n\t\t\t\t<\/div>\n\t\t\t\t<\/div>\n\t\t\t\t<\/div>\n\t\t<div class=\"elementor-element elementor-element-25d8b45 e-con-full e-flex qodef-elementor-content-no e-con e-child\" data-id=\"25d8b45\" data-element_type=\"container\" data-e-type=\"container\" data-settings=\"{&quot;background_background&quot;:&quot;classic&quot;}\">\n\t\t\t\t<div class=\"elementor-element elementor-element-d0406a1 elementor-widget elementor-widget-spacer\" data-id=\"d0406a1\" data-element_type=\"widget\" data-e-type=\"widget\" data-widget_type=\"spacer.default\">\n\t\t\t\t\t\t\t<div class=\"elementor-spacer\">\n\t\t\t<div class=\"elementor-spacer-inner\"><\/div>\n\t\t<\/div>\n\t\t\t\t\t\t<\/div>\n\t\t\t\t<\/div>\n\t\t\t\t<\/div>\n\t\t<div class=\"elementor-element elementor-element-f04e99a e-flex e-con-boxed qodef-elementor-content-no e-con e-parent\" data-id=\"f04e99a\" data-element_type=\"container\" data-e-type=\"container\" id=\"divulgacion\" data-settings=\"{&quot;background_background&quot;:&quot;classic&quot;}\">\n\t\t\t\t\t<div class=\"e-con-inner\">\n\t\t<div class=\"elementor-element elementor-element-f9721c8 e-con-full e-flex qodef-elementor-content-no e-con e-child\" data-id=\"f9721c8\" data-element_type=\"container\" data-e-type=\"container\">\n\t\t\t\t<div class=\"elementor-element elementor-element-760ed0c elementor-widget elementor-widget-qi_addons_for_elementor_section_title\" data-id=\"760ed0c\" data-element_type=\"widget\" data-e-type=\"widget\" data-widget_type=\"qi_addons_for_elementor_section_title.default\">\n\t\t\t\t<div class=\"elementor-widget-container\">\n\t\t\t\t\t<div class=\"qodef-shortcode qodef-m qodef-qi-section-title qodef-decoration--italic qodef-link--underline-draw qodef-subtitle-icon--left\">\n\t\t\t<h2 class=\"qodef-m-title\">\n\t\tDivulgamos conocimiento estrat\u00e9gicamente\t<\/h2>\n\t\t\t\t\t\t<\/div>\n\t\t\t\t<\/div>\n\t\t\t\t<\/div>\n\t\t\t\t<\/div>\n\t\t<div class=\"elementor-element elementor-element-74d870f e-con-full e-flex qodef-elementor-content-no e-con e-child\" data-id=\"74d870f\" data-element_type=\"container\" data-e-type=\"container\">\n\t\t\t\t<div class=\"elementor-element elementor-element-18bf279 elementor-widget elementor-widget-qi_addons_for_elementor_section_title\" data-id=\"18bf279\" data-element_type=\"widget\" data-e-type=\"widget\" data-widget_type=\"qi_addons_for_elementor_section_title.default\">\n\t\t\t\t<div class=\"elementor-widget-container\">\n\t\t\t\t\t<div class=\"qodef-shortcode qodef-m qodef-qi-section-title qodef-decoration--italic qodef-link--underline-draw qodef-subtitle-icon--left\">\n\t\t\t\t\t\t\t\t<div class=\"qodef-m-text\"><p>Llevamos el conocimiento producido al debate p\u00fablico y a los espacios de decisi\u00f3n<span style=\"font-weight: 400\">, articulando con diversos actores para que la evidencia informe pol\u00edticas, financiamiento y agendas del sector.<\/span><\/p><\/div>\n\t<\/div>\n\t\t\t\t<\/div>\n\t\t\t\t<\/div>\n\t\t\t\t<\/div>\n\t\t\t\t\t<\/div>\n\t\t\t\t<\/div>\n\t\t<div class=\"elementor-element elementor-element-6aeea38 e-flex e-con-boxed qodef-elementor-content-no e-con e-parent\" data-id=\"6aeea38\" data-element_type=\"container\" data-e-type=\"container\">\n\t\t\t\t\t<div class=\"e-con-inner\">\n\t\t<div class=\"elementor-element elementor-element-13bf1a9 e-con-full e-flex qodef-elementor-content-no e-con e-child\" data-id=\"13bf1a9\" data-element_type=\"container\" data-e-type=\"container\" data-settings=\"{&quot;background_background&quot;:&quot;classic&quot;}\">\n\t\t<div class=\"elementor-element elementor-element-f84d370 e-con-full e-flex qodef-elementor-content-no e-con e-child\" data-id=\"f84d370\" data-element_type=\"container\" data-e-type=\"container\">\n\t\t\t\t<div class=\"elementor-element elementor-element-f1054a3 elementor-widget elementor-widget-qi_addons_for_elementor_section_title\" data-id=\"f1054a3\" data-element_type=\"widget\" data-e-type=\"widget\" data-widget_type=\"qi_addons_for_elementor_section_title.default\">\n\t\t\t\t<div class=\"elementor-widget-container\">\n\t\t\t\t\t<div class=\"qodef-shortcode qodef-m qodef-qi-section-title qodef-decoration--italic qodef-link--underline-draw qodef-subtitle-icon--left\">\n\t\t\t\t\t\t<h2 class=\"qodef-m-title\">\n\t\tConoc\u00e9 nuestras \u00faltimas investigaciones\t<\/h2>\n\t\t\t<\/div>\n\t\t\t\t<\/div>\n\t\t\t\t<\/div>\n\t\t\t\t<\/div>\n\t\t<div class=\"elementor-element elementor-element-e5961bd e-con-full e-flex qodef-elementor-content-no e-con e-child\" data-id=\"e5961bd\" data-element_type=\"container\" data-e-type=\"container\">\n\t\t\t\t<div class=\"elementor-element elementor-element-fd1ecfd elementor-align-right elementor-tablet-align-justify elementor-mobile-align-justify elementor-widget elementor-widget-button\" data-id=\"fd1ecfd\" data-element_type=\"widget\" data-e-type=\"widget\" data-widget_type=\"button.default\">\n\t\t\t\t\t\t\t\t\t\t<a class=\"elementor-button elementor-button-link elementor-size-sm\" href=\"https:\/\/raci.org.ar\/en\/recursos-2\/\" target=\"_blank\">\n\t\t\t\t\t\t<span class=\"elementor-button-content-wrapper\">\n\t\t\t\t\t\t\t\t\t<span class=\"elementor-button-text\">Ver m\u00e1s<\/span>\n\t\t\t\t\t<\/span>\n\t\t\t\t\t<\/a>\n\t\t\t\t\t\t\t\t<\/div>\n\t\t\t\t<\/div>\n\t\t\t\t<\/div>\n\t\t\t\t\t<\/div>\n\t\t\t\t<\/div>\n\t\t\t\t<\/div>","protected":false},"excerpt":{"rendered":"<p>Investigamos Producimos y compartimos conocimiento estrat\u00e9gico sobre la sociedad civil, generando datos, an\u00e1lisis y herramientas que fortalecen a las organizaciones y aportan evidencia al debate p\u00fablico y a la toma de decisiones. Producimos datos Investigamos el estado y las condiciones de la sociedad civil, produciendo diagn\u00f3sticos, encuestas y estudios que permiten comprender su financiamiento, sostenibilidad [&hellip;]<\/p>","protected":false},"author":2,"featured_media":0,"parent":0,"menu_order":0,"comment_status":"closed","ping_status":"closed","template":"qi-full-width.php","meta":{"footnotes":""},"class_list":["post-2557","page","type-page","status-publish","hentry"],"_links":{"self":[{"href":"https:\/\/raci.org.ar\/en\/wp-json\/wp\/v2\/pages\/2557","targetHints":{"allow":["GET"]}}],"collection":[{"href":"https:\/\/raci.org.ar\/en\/wp-json\/wp\/v2\/pages"}],"about":[{"href":"https:\/\/raci.org.ar\/en\/wp-json\/wp\/v2\/types\/page"}],"author":[{"embeddable":true,"href":"https:\/\/raci.org.ar\/en\/wp-json\/wp\/v2\/users\/2"}],"replies":[{"embeddable":true,"href":"https:\/\/raci.org.ar\/en\/wp-json\/wp\/v2\/comments?post=2557"}],"version-history":[{"count":10,"href":"https:\/\/raci.org.ar\/en\/wp-json\/wp\/v2\/pages\/2557\/revisions"}],"predecessor-version":[{"id":35732,"href":"https:\/\/raci.org.ar\/en\/wp-json\/wp\/v2\/pages\/2557\/revisions\/35732"}],"wp:attachment":[{"href":"https:\/\/raci.org.ar\/en\/wp-json\/wp\/v2\/media?parent=2557"}],"curies":[{"name":"wp","href":"https:\/\/api.w.org\/{rel}","templated":true}]}}